{"id":4710,"date":"2021-04-26T13:54:04","date_gmt":"2021-04-26T11:54:04","guid":{"rendered":"https:\/\/munsteiner-cut.de\/b2b-shop\/?page_id=4710"},"modified":"2021-08-25T19:37:59","modified_gmt":"2021-08-25T17:37:59","slug":"edelsteine-paare","status":"publish","type":"page","link":"https:\/\/munsteiner-cut.de\/b2b-shop\/edelsteine-paare\/","title":{"rendered":"Edelsteine Paare"},"content":{"rendered":"<p>[et_pb_section fb_built=&#8220;1&#8243; _builder_version=&#8220;4.9.4&#8243; _module_preset=&#8220;default&#8220; global_colors_info=&#8220;{}&#8220;][et_pb_row column_structure=&#8220;2_5,3_5&#8243; _builder_version=&#8220;4.10.4&#8243; _module_preset=&#8220;default&#8220; custom_margin=&#8220;5px||5px||false|false&#8220; custom_margin_tablet=&#8220;&#8220; custom_margin_phone=&#8220;5px||5px||false|false&#8220; custom_margin_last_edited=&#8220;on|phone&#8220; custom_padding=&#8220;||5px||false|false&#8220; border_width_all=&#8220;1px&#8220; global_colors_info=&#8220;{}&#8220;][et_pb_column type=&#8220;2_5&#8243; _builder_version=&#8220;4.9.4&#8243; _module_preset=&#8220;default&#8220; global_colors_info=&#8220;{}&#8220;][et_pb_video src=&#8220;https:\/\/munsteiner-cut.de\/b2b-shop\/wp-content\/uploads\/sites\/6\/2021\/07\/Edelsteinpaare-WhatsApp-Video-2021-07-14.mp4&#8243; admin_label=&#8220;Video Edelsteinpaare&#8220; module_class=&#8220;lwp-video-autoplay&#8220; _builder_version=&#8220;4.10.4&#8243; _module_preset=&#8220;default&#8220; transform_scale_tablet=&#8220;&#8220; transform_scale_phone=&#8220;&#8220; transform_scale_last_edited=&#8220;on|phone&#8220; transform_translate=&#8220;30px|0px&#8220; transform_translate_tablet=&#8220;&#8220; transform_translate_phone=&#8220;0px|0px&#8220; transform_translate_last_edited=&#8220;on|phone&#8220; transform_translate_linked=&#8220;off&#8220; transform_rotate_tablet=&#8220;&#8220; transform_rotate_phone=&#8220;&#8220; transform_rotate_last_edited=&#8220;on|phone&#8220; transform_skew_tablet=&#8220;&#8220; transform_skew_phone=&#8220;&#8220; transform_skew_last_edited=&#8220;on|phone&#8220; transform_origin_tablet=&#8220;&#8220; transform_origin_phone=&#8220;&#8220; transform_origin_last_edited=&#8220;on|phone&#8220; transform_styles_last_edited=&#8220;on|phone&#8220; module_alignment=&#8220;center&#8220; transform_styles_tablet=&#8220;&#8220; transform_styles_phone=&#8220;&#8220; global_colors_info=&#8220;{}&#8220;][\/et_pb_video][\/et_pb_column][et_pb_column type=&#8220;3_5&#8243; _builder_version=&#8220;4.9.4&#8243; _module_preset=&#8220;default&#8220; global_colors_info=&#8220;{}&#8220;][et_pb_text admin_label=&#8220;Text zu den Edelstein Paaren&#8220; _builder_version=&#8220;4.10.4&#8243; _module_preset=&#8220;default&#8220; text_font_size=&#8220;18px&#8220; header_3_text_color=&#8220;#000000&#8243; transform_scale_tablet=&#8220;&#8220; transform_scale_phone=&#8220;&#8220; transform_scale_last_edited=&#8220;on|phone&#8220; transform_translate_tablet=&#8220;&#8220; transform_translate_phone=&#8220;0px|0px&#8220; transform_translate_last_edited=&#8220;on|phone&#8220; transform_rotate_tablet=&#8220;&#8220; transform_rotate_phone=&#8220;&#8220; transform_rotate_last_edited=&#8220;on|phone&#8220; transform_skew_tablet=&#8220;&#8220; transform_skew_phone=&#8220;&#8220; transform_skew_last_edited=&#8220;on|phone&#8220; transform_origin_tablet=&#8220;&#8220; transform_origin_phone=&#8220;&#8220; transform_origin_last_edited=&#8220;on|phone&#8220; transform_styles_last_edited=&#8220;on|phone&#8220; custom_margin=&#8220;0vw||0vw||false|false&#8220; custom_padding=&#8220;|20px|||false|false&#8220; custom_padding_tablet=&#8220;&#8220; custom_padding_phone=&#8220;|10px|0px|10px|false|false&#8220; custom_padding_last_edited=&#8220;on|phone&#8220; transform_styles_tablet=&#8220;&#8220; transform_styles_phone=&#8220;&#8220; global_colors_info=&#8220;{}&#8220;]<\/p>\n<h3><span style=\"color: #000000;\">Edelstein-Paare<\/span><\/h3>\n<p>Einzigartige, individuelle Edelsteinschliffe in perfekter Symmetrie: Unser Angebot an besonderen Edelstein-Paaren bietet Schmuckschaffenden die M\u00f6glichkeit, spannende Ohrschmuck- oder auch Manschetten-Designs zu kreieren. Somit sind sie die perfekte Erg\u00e4nzung f\u00fcr ein komplettes Schmuck-Ensemble im Munsteiner-Schliff. Neben verschiedenster Paarkombinationen in unseren Kleinserien \u201eMoonlight\u201c, \u201eDirection\u201c und \u201eMagic Face\u201c fertigen wir auch ganz individuelle Unikat-Paare, die eine Vielzahl von spannenden Kombinationen f\u00fcr modernes Schmuckdesign erm\u00f6glichen.<\/p>\n<p>[\/et_pb_text][\/et_pb_column][\/et_pb_row][\/et_pb_section][et_pb_section fb_built=&#8220;1&#8243; admin_label=&#8220;Edelstein-Paare Shop&#8220; _builder_version=&#8220;4.9.11&#8243; _module_preset=&#8220;default&#8220; width=&#8220;80%&#8220; module_alignment=&#8220;center&#8220; global_module=&#8220;7389&#8243; saved_tabs=&#8220;all&#8220; global_colors_info=&#8220;{}&#8220;][et_pb_row _builder_version=&#8220;4.9.10&#8243; _module_preset=&#8220;default&#8220; width=&#8220;100%&#8220; max_width=&#8220;2560px&#8220; border_width_all=&#8220;1px&#8220; global_colors_info=&#8220;{}&#8220;][et_pb_column type=&#8220;4_4&#8243; _builder_version=&#8220;4.9.4&#8243; _module_preset=&#8220;default&#8220; global_colors_info=&#8220;{}&#8220;][et_pb_shop type=&#8220;product_category&#8220; posts_number=&#8220;22&#8243; show_pagination=&#8220;on&#8220; include_categories=&#8220;175&#8243; columns_number=&#8220;5&#8243; orderby=&#8220;price-desc&#8220; icon_hover_color=&#8220;RGBA(0,0,0,0)&#8220; hover_overlay_color=&#8220;rgba(255,255,255,0.6)&#8220; admin_label=&#8220;Shop Kategorie Edelstein Paare&#8220; _builder_version=&#8220;4.9.10&#8243; _module_preset=&#8220;default&#8220; title_text_align=&#8220;center&#8220; title_font_size=&#8220;15px&#8220; title_line_height=&#8220;1.2em&#8220; price_text_align=&#8220;center&#8220; price_font_size=&#8220;16px&#8220; price_letter_spacing=&#8220;1px&#8220; background_color=&#8220;RGBA(0,0,0,0)&#8220; text_orientation=&#8220;center&#8220; custom_padding=&#8220;10px|20px|10px|20px|true|true&#8220; box_shadow_style_image=&#8220;preset2&#8243; global_colors_info=&#8220;{}&#8220;][\/et_pb_shop][\/et_pb_column][\/et_pb_row][\/et_pb_section][et_pb_section fb_built=&#8220;1&#8243; _builder_version=&#8220;4.9.4&#8243; _module_preset=&#8220;default&#8220; global_module=&#8220;6758&#8243; saved_tabs=&#8220;all&#8220; collapsed=&#8220;off&#8220; global_colors_info=&#8220;{}&#8220;][et_pb_row column_structure=&#8220;1_2,1_2&#8243; _builder_version=&#8220;4.10.4&#8243; _module_preset=&#8220;default&#8220; collapsed=&#8220;off&#8220; global_colors_info=&#8220;{}&#8220;][et_pb_column type=&#8220;1_2&#8243; _builder_version=&#8220;4.9.4&#8243; _module_preset=&#8220;default&#8220; global_colors_info=&#8220;{}&#8220;][et_pb_button button_url=&#8220;@ET-DC@eyJkeW5hbWljIjp0cnVlLCJjb250ZW50IjoicG9zdF9saW5rX3VybF9wYWdlIiwic2V0dGluZ3MiOnsicG9zdF9pZCI6IjQ4NDYifX0=@&#8220; button_text=&#8220;Hier k\u00f6nnen Sie sich als H\u00e4ndler registrieren!&#8220; button_alignment=&#8220;center&#8220; admin_label=&#8220;Button Registrierung&#8220; _builder_version=&#8220;4.9.7&#8243; _dynamic_attributes=&#8220;button_url&#8220; _module_preset=&#8220;default&#8220; custom_button=&#8220;on&#8220; button_text_color=&#8220;#000000&#8243; global_colors_info=&#8220;{}&#8220;][\/et_pb_button][\/et_pb_column][et_pb_column type=&#8220;1_2&#8243; _builder_version=&#8220;4.9.4&#8243; _module_preset=&#8220;default&#8220; global_colors_info=&#8220;{}&#8220;][et_pb_button button_url=&#8220;@ET-DC@eyJkeW5hbWljIjp0cnVlLCJjb250ZW50IjoicG9zdF9saW5rX3VybF9wYWdlIiwic2V0dGluZ3MiOnsicG9zdF9pZCI6IjQ4ODcifX0=@&#8220; button_text=&#8220;Schon registriert? Hier geht es zu ihrem Login!&#8220; button_alignment=&#8220;center&#8220; admin_label=&#8220;Button Sie sind schon registriert? Hier geht es zu ihrem Login!&#8220; _builder_version=&#8220;4.9.4&#8243; _dynamic_attributes=&#8220;button_url&#8220; _module_preset=&#8220;default&#8220; custom_button=&#8220;on&#8220; button_text_color=&#8220;#000000&#8243; global_colors_info=&#8220;{}&#8220;][\/et_pb_button][\/et_pb_column][\/et_pb_row][\/et_pb_section]<\/p>\n","protected":false},"excerpt":{"rendered":"<p>Edelstein-Paare Einzigartige, individuelle Edelsteinschliffe in perfekter Symmetrie: Unser Angebot an besonderen Edelstein-Paaren bietet Schmuckschaffenden die M\u00f6glichkeit, spannende Ohrschmuck- oder auch Manschetten-Designs zu kreieren. Somit sind sie die perfekte Erg\u00e4nzung f\u00fcr ein komplettes Schmuck-Ensemble im Munsteiner-Schliff. Neben verschiedenster Paarkombinationen in unseren Kleinserien \u201eMoonlight\u201c, \u201eDirection\u201c und \u201eMagic Face\u201c fertigen wir auch ganz individuelle Unikat-Paare, die eine Vielzahl [&hellip;]<\/p>\n","protected":false},"author":1,"featured_media":0,"parent":0,"menu_order":0,"comment_status":"closed","ping_status":"closed","template":"","meta":{"_et_pb_use_builder":"on","_et_pb_old_content":"","_et_gb_content_width":"","footnotes":""},"class_list":["post-4710","page","type-page","status-publish","hentry"],"jetpack_sharing_enabled":true,"_links":{"self":[{"href":"https:\/\/munsteiner-cut.de\/b2b-shop\/wp-json\/wp\/v2\/pages\/4710","targetHints":{"allow":["GET"]}}],"collection":[{"href":"https:\/\/munsteiner-cut.de\/b2b-shop\/wp-json\/wp\/v2\/pages"}],"about":[{"href":"https:\/\/munsteiner-cut.de\/b2b-shop\/wp-json\/wp\/v2\/types\/page"}],"author":[{"embeddable":true,"href":"https:\/\/munsteiner-cut.de\/b2b-shop\/wp-json\/wp\/v2\/users\/1"}],"replies":[{"embeddable":true,"href":"https:\/\/munsteiner-cut.de\/b2b-shop\/wp-json\/wp\/v2\/comments?post=4710"}],"version-history":[{"count":0,"href":"https:\/\/munsteiner-cut.de\/b2b-shop\/wp-json\/wp\/v2\/pages\/4710\/revisions"}],"wp:attachment":[{"href":"https:\/\/munsteiner-cut.de\/b2b-shop\/wp-json\/wp\/v2\/media?parent=4710"}],"curies":[{"name":"wp","href":"https:\/\/api.w.org\/{rel}","templated":true}]}}